{"id":775,"date":"2022-10-26T11:23:39","date_gmt":"2022-10-26T11:23:39","guid":{"rendered":"https:\/\/wordpress-813847-2971372.cloudwaysapps.com\/?page_id=775"},"modified":"2025-06-12T12:57:06","modified_gmt":"2025-06-12T12:57:06","slug":"aktuelles","status":"publish","type":"page","link":"https:\/\/kleverplast.de\/en\/aktuelles\/","title":{"rendered":"News"},"content":{"rendered":"<section class=\"bde-section-775-133 bde-section klv-mika\">\n  \n\t\n\n\n\n<div class=\"section-container\"><\/div>\n<\/section><section class=\"bde-section-775-134 bde-section\">\n              \n  \n\t\n\n  <div class=\"section-background-overlay\"><\/div>\n\n\n<div class=\"section-container\"><div class=\"bde-div-775-135 bde-div\">\n  \n\t\n\n\n\n<h1 class=\"bde-heading-775-136 bde-heading klv-sub-hero__heading\">\nAktuelles\n<\/h1><div class=\"bde-text-775-137 bde-text\">\n\n<\/div>\n<\/div><div class=\"bde-button-775-106 bde-button\">\n    \n                                    \n    \n    \n    \n    \n            \n                    \n            \n            \n\n    \n    \n    \n    \n    <a class=\"breakdance-link button-atom button-atom--secondary bde-button__button\" href=\"#presse\" target=\"_self\" data-type=\"url\"  >\n\n    \n        <span class=\"button-atom__text\">zu den Artikeln<\/span>\n\n        \n        \n                <\/a>\n\n    \n\n\n<\/div><\/div>\n<\/section><section id=\"first-section\" class=\"bde-section-775-117 bde-section\">\n  \n\t\n\n\n\n<div class=\"section-container\"><div class=\"bde-columns-775-118 bde-columns\"><div class=\"bde-column-775-119 bde-column\">\n  \n\t\n\n\n\n<div class=\"bde-image-775-120 bde-image\">\n  \n\n\n\n\n\n<figure class=\"breakdance-image breakdance-image--72\">\n\t<div class=\"breakdance-image-container\">\n\t\t<div class=\"breakdance-image-clip\">\n\t\t\t\n\t\t\t\t\n\t\t\t\t\t      \n  \n  \n  \n  \n      \n      <img loading=\"lazy\" decoding=\"async\"\n      class=\"breakdance-image-object\"\n      src=\"https:\/\/kleverplast.de\/wp-content\/uploads\/2022\/08\/logo-klever-removebg-preview.png\"\n      width=\"265\"\n      height=\"120\"\n      \n      \n                                                                  >\n  \n\n\t\t\t\t\t\n\t\t\t\t\t\t<\/div>\n\t<\/div>\n\n\t<\/figure>\n\n<\/div>\n<\/div><div class=\"bde-column-775-121 bde-column\">\n  \n\t\n\n\n\n<h4 class=\"bde-heading-775-122 bde-heading\">\nVerantwortungsbewusst \u00fcber die Oberfl\u00e4che hinaus\n<\/h4><div class=\"bde-text-775-123 bde-text\">\nEs ist unser Ziel die neusten Entwicklungen der Industrie, Gesellschaft und Technik im Auge zu behalten und uns st\u00e4ndig zu verbessern. Dazu geh\u00f6rt auch der konstante Austausch mit Branchenvertretern, Kunden und Entwicklern. Aus diesem Grund sind wir Mitglied im Deutschen Schraubenverband und auch F\u00f6rdermitglied im Kunststoffzentrum L\u00fcdenscheid.\n<\/div>\n<\/div><\/div><\/div>\n<\/section><section id=\"presse\" class=\"bde-section-775-115 bde-section\">\n  \n\t\n\n\n\n<div class=\"section-container\"><div class=\"bde-div-775-150 bde-div\">\n  \n\t\n\n\n\n<div class=\"bde-post-list-775-116 bde-post-list\">\n<div class=\"ee-posts ee-posts-grid\">    <article class=\"ee-post\">\n        \n        \n        \n        <div class=\"ee-post-wrap\">\n            \n                            <h3 class=\"ee-post-title\">\n                    <a class=\"ee-post-title-link\" href=\"https:\/\/kleverplast.de\/en\/klever-im-magazin-plastics-insight\/\" >\n                        Klever im Magazin &#8222;Plastics Insight&#8220;                    <\/a>\n                <\/h3>\n                            <div class=\"ee-post-meta\">\n                    \n                <\/div>\n                            <div class=\"ee-post-content\">\n                    Bereits im Dezember sind wir im Magazin &#8222;Kunststoffe&#8220; erschienen, heute wird das englische Pendent &#8222;Plastics Insight&#8220; mit unserem Beitrag auf englisch ver\u00f6ffentlich. Viel Spa\u00df beim Lesen!                <\/div>\n            \n    \n                                    \n    \n    \n    \n    \n            \n                    \n            \n            \n\n    \n    \n    \n    \n    <a class=\"breakdance-link button-atom button-atom--primary ee-post-button\" href=\"https:\/\/kleverplast.de\/en\/klever-im-magazin-plastics-insight\/\" target=\"_self\" data-type=\"\"  >\n\n    \n        <span class=\"button-atom__text\">weiterlesen<\/span>\n\n        \n        \n                <\/a>\n\n    \n\n\n\n\n            \n        <\/div>\n\n            <\/article>\n\n    <article class=\"ee-post\">\n        \n        \n        \n        <div class=\"ee-post-wrap\">\n            \n                            <h3 class=\"ee-post-title\">\n                    <a class=\"ee-post-title-link\" href=\"https:\/\/kleverplast.de\/en\/klever-im-magazin-kunststoffe\/\" >\n                        Klever im Magazin &#8222;Kunststoffe&#8220;                    <\/a>\n                <\/h3>\n                            <div class=\"ee-post-meta\">\n                    \n                <\/div>\n                            <div class=\"ee-post-content\">\n                    In der Dezemberausgabe des Magazins &#8222;Kunststoffe&#8220; haben wir einen Beitrag \u00fcber unsere technischen Oberfl\u00e4chen f\u00fcr nachfolgende Verklebe-Applikationen ver\u00f6ffentlicht. Viel Spa\u00df beim Lesen! Bei weiterem Interesse oder R\u00fcckfragen zum Thema, kommen [...]                <\/div>\n            \n    \n                                    \n    \n    \n    \n    \n            \n                    \n            \n            \n\n    \n    \n    \n    \n    <a class=\"breakdance-link button-atom button-atom--primary ee-post-button\" href=\"https:\/\/kleverplast.de\/en\/klever-im-magazin-kunststoffe\/\" target=\"_self\" data-type=\"\"  >\n\n    \n        <span class=\"button-atom__text\">weiterlesen<\/span>\n\n        \n        \n                <\/a>\n\n    \n\n\n\n\n            \n        <\/div>\n\n            <\/article>\n\n    <article class=\"ee-post\">\n        \n        \n        \n        <div class=\"ee-post-wrap\">\n            \n                            <h3 class=\"ee-post-title\">\n                    <a class=\"ee-post-title-link\" href=\"https:\/\/kleverplast.de\/en\/klever-vs-pfas-nachhaltiger-fortschritt-statt-unsichtbare-bedrohung\/\" >\n                        Klever vs. PFAS: Nachhaltiger Fortschritt statt unsichtbare Bedrohung                    <\/a>\n                <\/h3>\n                            <div class=\"ee-post-meta\">\n                    \n                <\/div>\n                            <div class=\"ee-post-content\">\n                    Wir haben ein weiteres PFAS-freies Beschichtungsmittel von D\u00d6RKEN Coatings in unserer Produktportfolio aufgenommen! Ab sofort beschichten wir f\u00fcr Sie auch mit D\u00f6rkens DELTA-PROTEKT\u00ae TC 502 GZ !Mehr Informationen hierzu und [...]                <\/div>\n            \n    \n                                    \n    \n    \n    \n    \n            \n                    \n            \n            \n\n    \n    \n    \n    \n    <a class=\"breakdance-link button-atom button-atom--primary ee-post-button\" href=\"https:\/\/kleverplast.de\/en\/klever-vs-pfas-nachhaltiger-fortschritt-statt-unsichtbare-bedrohung\/\" target=\"_self\" data-type=\"\"  >\n\n    \n        <span class=\"button-atom__text\">weiterlesen<\/span>\n\n        \n        \n                <\/a>\n\n    \n\n\n\n\n            \n        <\/div>\n\n            <\/article>\n\n    <article class=\"ee-post\">\n        \n        \n        \n        <div class=\"ee-post-wrap\">\n            \n                            <h3 class=\"ee-post-title\">\n                    <a class=\"ee-post-title-link\" href=\"https:\/\/kleverplast.de\/en\/firmenpraesentation-der-klever-beschichtungstechnik-gmbh-co-kg\/\" >\n                        K-Impulse Firmenportrait                    <\/a>\n                <\/h3>\n                            <div class=\"ee-post-meta\">\n                    \n                <\/div>\n                            <div class=\"ee-post-content\">\n                    Vielschichtig &#8211; Vielseitig &#8211; Verbindlich Firmenportrait der Klever Beschichtungstechnik GmbH &amp; Co. KG In seiner Ausgabe vom April 2023 portraitiert das Kunststoff-Institut L\u00fcdenscheid die Klever Beschichtungstechnik GmbH &amp; Co. KG [...]                <\/div>\n            \n    \n                                    \n    \n    \n    \n    \n            \n                    \n            \n            \n\n    \n    \n    \n    \n    <a class=\"breakdance-link button-atom button-atom--primary ee-post-button\" href=\"https:\/\/kleverplast.de\/en\/firmenpraesentation-der-klever-beschichtungstechnik-gmbh-co-kg\/\" target=\"_self\" data-type=\"\"  >\n\n    \n        <span class=\"button-atom__text\">weiterlesen<\/span>\n\n        \n        \n                <\/a>\n\n    \n\n\n\n\n            \n        <\/div>\n\n            <\/article>\n\n    <article class=\"ee-post\">\n        \n        \n        \n        <div class=\"ee-post-wrap\">\n            \n                            <h3 class=\"ee-post-title\">\n                    <a class=\"ee-post-title-link\" href=\"https:\/\/kleverplast.de\/en\/klever-auf-der-kuteno-2023\/\" >\n                        Klever auf der KUTENO 2023                    <\/a>\n                <\/h3>\n                            <div class=\"ee-post-meta\">\n                    \n                <\/div>\n                            <div class=\"ee-post-content\">\n                    Besuchen Sie uns auf der KUTENO &#8211; Kunststofftechnik Nord vom 9. &#8211; 11. Mai 2023 in Rheda-Wiedenbr\u00fcck. Sie finden uns in Halle 1 an Stand A1_14. Wir freuen uns auf [...]                <\/div>\n            \n    \n                                    \n    \n    \n    \n    \n            \n                    \n            \n            \n\n    \n    \n    \n    \n    <a class=\"breakdance-link button-atom button-atom--primary ee-post-button\" href=\"https:\/\/kleverplast.de\/en\/klever-auf-der-kuteno-2023\/\" target=\"_self\" data-type=\"\"  >\n\n    \n        <span class=\"button-atom__text\">weiterlesen<\/span>\n\n        \n        \n                <\/a>\n\n    \n\n\n\n\n            \n        <\/div>\n\n            <\/article>\n\n<\/div>\n<\/div>\n<\/div><\/div>\n<\/section>","protected":false},"excerpt":{"rendered":"","protected":false},"author":4,"featured_media":0,"parent":0,"menu_order":11,"comment_status":"closed","ping_status":"closed","template":"","meta":{"_acf_changed":false,"_breakdance_hide_in_design_set":false,"_breakdance_tags":"","footnotes":""},"class_list":["post-775","page","type-page","status-publish","hentry"],"acf":[],"_links":{"self":[{"href":"https:\/\/kleverplast.de\/en\/wp-json\/wp\/v2\/pages\/775","targetHints":{"allow":["GET"]}}],"collection":[{"href":"https:\/\/kleverplast.de\/en\/wp-json\/wp\/v2\/pages"}],"about":[{"href":"https:\/\/kleverplast.de\/en\/wp-json\/wp\/v2\/types\/page"}],"author":[{"embeddable":true,"href":"https:\/\/kleverplast.de\/en\/wp-json\/wp\/v2\/users\/4"}],"replies":[{"embeddable":true,"href":"https:\/\/kleverplast.de\/en\/wp-json\/wp\/v2\/comments?post=775"}],"version-history":[{"count":8,"href":"https:\/\/kleverplast.de\/en\/wp-json\/wp\/v2\/pages\/775\/revisions"}],"predecessor-version":[{"id":2208,"href":"https:\/\/kleverplast.de\/en\/wp-json\/wp\/v2\/pages\/775\/revisions\/2208"}],"wp:attachment":[{"href":"https:\/\/kleverplast.de\/en\/wp-json\/wp\/v2\/media?parent=775"}],"curies":[{"name":"wp","href":"https:\/\/api.w.org\/{rel}","templated":true}]}}