{"id":698,"date":"2022-10-24T13:43:01","date_gmt":"2022-10-24T13:43:01","guid":{"rendered":"https:\/\/wordpress-813847-2971372.cloudwaysapps.com\/?page_id=698"},"modified":"2024-10-28T11:52:52","modified_gmt":"2024-10-28T11:52:52","slug":"nachhaltigkeit","status":"publish","type":"page","link":"https:\/\/kleverplast.de\/en\/nachhaltigkeit\/","title":{"rendered":"Sustainability"},"content":{"rendered":"<section class=\"bde-section-698-122 bde-section klv-sub-hero\">\n  \n\t\n\n\n\n<div class=\"section-container\"><div class=\"bde-div-698-130 bde-div\">\n  \n\t\n\n\n\n<div class=\"bde-div-698-149 bde-div\">\n              \n  \n\t\n\n  <div class=\"section-background-overlay\"><\/div>\n\n\n<h1 class=\"bde-heading-698-131 bde-heading klv-sub-hero__heading\">\nSustainability\n<\/h1><div class=\"bde-text-698-132 bde-text\">\nResponsibility for more\n<\/div>\n<\/div>\n<\/div><\/div>\n<\/section><section id=\"first-section\" class=\"bde-section-698-108 bde-section\">\n  \n\t\n\n\n\n<div class=\"section-container\"><div class=\"bde-columns-698-109 bde-columns\"><div class=\"bde-column-698-110 bde-column\">\n  \n\t\n\n\n\n<div class=\"bde-image-698-121 bde-image\">\n  \n\n\n\n\n\n<figure class=\"breakdance-image breakdance-image--1134\">\n\t<div class=\"breakdance-image-container\">\n\t\t<div class=\"breakdance-image-clip\">\n\t\t\t\n\t\t\t\t\n\t\t\t\t\t      \n  \n  \n  \n  \n      \n      <img loading=\"lazy\" decoding=\"async\"\n      class=\"breakdance-image-object\"\n      src=\"https:\/\/kleverplast.de\/wp-content\/uploads\/2022\/11\/AdobeStock_504341882-1-scaled.jpeg\"\n      width=\"2560\"\n      height=\"1707\"\n      \n      \n                                    srcset=\"https:\/\/kleverplast.de\/wp-content\/uploads\/2022\/11\/AdobeStock_504341882-1-scaled.jpeg 2560w, https:\/\/kleverplast.de\/wp-content\/uploads\/2022\/11\/AdobeStock_504341882-1-300x200.jpeg 300w, https:\/\/kleverplast.de\/wp-content\/uploads\/2022\/11\/AdobeStock_504341882-1-1024x683.jpeg 1024w, https:\/\/kleverplast.de\/wp-content\/uploads\/2022\/11\/AdobeStock_504341882-1-768x512.jpeg 768w, https:\/\/kleverplast.de\/wp-content\/uploads\/2022\/11\/AdobeStock_504341882-1-1536x1024.jpeg 1536w\"\n                                                                      >\n  \n\n\t\t\t\t\t\n\t\t\t\t\t\t<\/div>\n\t<\/div>\n\n\t<\/figure>\n\n<\/div>\n<\/div><div class=\"bde-column-698-112 bde-column\">\n  \n\t\n\n\n\n<h2 class=\"bde-heading-698-113 bde-heading\">\nResponsible beyond the surface\n<\/h2><div class=\"bde-text-698-114 bde-text\">\nSustainability in surface technology means efficiency, environmental compatibility and safety. This also includes consideration of new materials, digital transformation and stricter environmental targets.<br>\n<\/div>\n<\/div><\/div><\/div>\n<\/section><section class=\"bde-section-698-157 bde-section\">\n  \n\t\n\n\n\n<div class=\"section-container\"><div class=\"bde-columns-698-158 bde-columns\"><div class=\"bde-column-698-159 bde-column\">\n  \n\t\n\n\n\n<h2 class=\"bde-heading-698-160 bde-heading\">\nSustainability as a principle\n<\/h2><div class=\"bde-text-698-161 bde-text\">\nAt Klever, it is our principle to design all processes holistically and sustainably, as sustainability and quality are inextricably linked. Our customers expect us to provide coating processes that are efficient and conserve resources without compromising on quality.\n<\/div>\n<\/div><div class=\"bde-column-698-162 bde-column\">\n  \n\t\n\n\n\n<div class=\"bde-image-698-163 bde-image\">\n  \n\n\n\n\n\n<figure class=\"breakdance-image breakdance-image--1135\">\n\t<div class=\"breakdance-image-container\">\n\t\t<div class=\"breakdance-image-clip\">\n\t\t\t\n\t\t\t\t\n\t\t\t\t\t      \n  \n  \n  \n  \n      \n      <img loading=\"lazy\" decoding=\"async\"\n      class=\"breakdance-image-object\"\n      src=\"https:\/\/kleverplast.de\/wp-content\/uploads\/2022\/11\/AdobeStock_361447990-1-scaled.jpeg\"\n      width=\"2560\"\n      height=\"1707\"\n      \n      \n                                    srcset=\"https:\/\/kleverplast.de\/wp-content\/uploads\/2022\/11\/AdobeStock_361447990-1-scaled.jpeg 2560w, https:\/\/kleverplast.de\/wp-content\/uploads\/2022\/11\/AdobeStock_361447990-1-300x200.jpeg 300w, https:\/\/kleverplast.de\/wp-content\/uploads\/2022\/11\/AdobeStock_361447990-1-1024x683.jpeg 1024w, https:\/\/kleverplast.de\/wp-content\/uploads\/2022\/11\/AdobeStock_361447990-1-768x512.jpeg 768w, https:\/\/kleverplast.de\/wp-content\/uploads\/2022\/11\/AdobeStock_361447990-1-1536x1024.jpeg 1536w, https:\/\/kleverplast.de\/wp-content\/uploads\/2022\/11\/AdobeStock_361447990-1-2048x1365.jpeg 2048w\"\n                                                                      >\n  \n\n\t\t\t\t\t\n\t\t\t\t\t\t<\/div>\n\t<\/div>\n\n\t<\/figure>\n\n<\/div>\n<\/div><\/div><\/div>\n<\/section><section class=\"bde-section-698-115 bde-section\">\n  \n\t\n\n\n\n<div class=\"section-container\"><div class=\"bde-columns-698-116 bde-columns\"><div class=\"bde-column-698-120 bde-column\">\n  \n\t\n\n\n\n<div class=\"bde-image-698-111 bde-image\">\n  \n\n\n\n\n\n<figure class=\"breakdance-image breakdance-image--2202\">\n\t<div class=\"breakdance-image-container\">\n\t\t<div class=\"breakdance-image-clip\">\n\t\t\t\n\t\t\t\t\n\t\t\t\t\t      \n  \n  \n  \n  \n      \n      <img loading=\"lazy\" decoding=\"async\"\n      class=\"breakdance-image-object\"\n      src=\"https:\/\/kleverplast.de\/wp-content\/uploads\/2023\/10\/tim-swaan-eOpewngf68w-unsplash.jpg\"\n      width=\"2400\"\n      height=\"1600\"\n      \n      \n                                    srcset=\"https:\/\/kleverplast.de\/wp-content\/uploads\/2023\/10\/tim-swaan-eOpewngf68w-unsplash.jpg 2400w, https:\/\/kleverplast.de\/wp-content\/uploads\/2023\/10\/tim-swaan-eOpewngf68w-unsplash-300x200.jpg 300w, https:\/\/kleverplast.de\/wp-content\/uploads\/2023\/10\/tim-swaan-eOpewngf68w-unsplash-1024x683.jpg 1024w, https:\/\/kleverplast.de\/wp-content\/uploads\/2023\/10\/tim-swaan-eOpewngf68w-unsplash-768x512.jpg 768w, https:\/\/kleverplast.de\/wp-content\/uploads\/2023\/10\/tim-swaan-eOpewngf68w-unsplash-1536x1024.jpg 1536w, https:\/\/kleverplast.de\/wp-content\/uploads\/2023\/10\/tim-swaan-eOpewngf68w-unsplash-2048x1365.jpg 2048w, https:\/\/kleverplast.de\/wp-content\/uploads\/2023\/10\/tim-swaan-eOpewngf68w-unsplash-18x12.jpg 18w, https:\/\/kleverplast.de\/wp-content\/uploads\/2023\/10\/tim-swaan-eOpewngf68w-unsplash-930x620.jpg 930w\"\n                                                                      >\n  \n\n\t\t\t\t\t\n\t\t\t\t\t\t<\/div>\n\t<\/div>\n\n\t<\/figure>\n\n<\/div>\n<\/div><div class=\"bde-column-698-117 bde-column\">\n  \n\t\n\n\n\n<h2 class=\"bde-heading-698-118 bde-heading\">\nLiving up to the responsibility\n<\/h2><div class=\"bde-text-698-119 bde-text\">\nWe live responsibility towards the environment and society through sustainable processes and continuous development. Our conviction: Sustainability and innovation are crucial for the future. This applies not only to our economic goals, but also to our commitment to social and environmental concerns. Social corporate responsibility that respects the environment, social issues and employee interests is an important factor for entrepreneurial success - and a fundamental principle of our philosophy at Klever.\n<\/div>\n<\/div><\/div><\/div>\n<\/section><section id=\"first-section\" class=\"bde-section-698-150 bde-section\">\n  \n\t\n\n\n\n<div class=\"section-container\"><div class=\"bde-columns-698-151 bde-columns\"><div class=\"bde-column-698-154 bde-column\">\n  \n\t\n\n\n\n<h2 class=\"bde-heading-698-155 bde-heading\">\nCertifications\n<\/h2><div class=\"bde-text-698-156 bde-text\">\nIn order to continuously improve and increase sustainability, we have ourselves audited annually to improve energy efficiency and environmental protection according to the rules of DIN EN ISO 14001 (environment) and DIN EN ISO 50001 (energy). In addition, we continuously promote the use of renewable energies.\n<\/div>\n<\/div><div class=\"bde-column-698-152 bde-column\">\n  \n\t\n\n\n\n<div class=\"bde-image-698-153 bde-image\">\n  \n\n\n\n\n\n<figure class=\"breakdance-image breakdance-image--1051\">\n\t<div class=\"breakdance-image-container\">\n\t\t<div class=\"breakdance-image-clip\">\n\t\t\t\n\t\t\t\t\n\t\t\t\t\t      \n  \n  \n  \n  \n      \n      <img loading=\"lazy\" decoding=\"async\"\n      class=\"breakdance-image-object\"\n      src=\"https:\/\/kleverplast.de\/wp-content\/uploads\/2022\/11\/TR-Testmark_0091005396_DE_CMYK_without-QR-Code.jpg\"\n      width=\"1434\"\n      height=\"725\"\n      \n      \n                                    srcset=\"https:\/\/kleverplast.de\/wp-content\/uploads\/2022\/11\/TR-Testmark_0091005396_DE_CMYK_without-QR-Code.jpg 1434w, https:\/\/kleverplast.de\/wp-content\/uploads\/2022\/11\/TR-Testmark_0091005396_DE_CMYK_without-QR-Code-300x152.jpg 300w, https:\/\/kleverplast.de\/wp-content\/uploads\/2022\/11\/TR-Testmark_0091005396_DE_CMYK_without-QR-Code-1024x518.jpg 1024w, https:\/\/kleverplast.de\/wp-content\/uploads\/2022\/11\/TR-Testmark_0091005396_DE_CMYK_without-QR-Code-768x388.jpg 768w\"\n                                                                      >\n  \n\n\t\t\t\t\t\n\t\t\t\t\t\t<\/div>\n\t<\/div>\n\n\t<\/figure>\n\n<\/div>\n<\/div><\/div><\/div>\n<\/section><section class=\"bde-section-698-179 bde-section\">\n  \n\t\n\n\n\n<div class=\"section-container\"><div class=\"bde-columns-698-180 bde-columns\"><div class=\"bde-column-698-181 bde-column\">\n  \n\t\n\n\n\n<div class=\"bde-image-698-168 bde-image\">\n  \n\n\n\n\n\n<figure class=\"breakdance-image breakdance-image--72\">\n\t<div class=\"breakdance-image-container\">\n\t\t<div class=\"breakdance-image-clip\">\n\t\t\t\n\t\t\t\t\n\t\t\t\t\t      \n  \n  \n  \n  \n      \n      <img loading=\"lazy\" decoding=\"async\"\n      class=\"breakdance-image-object\"\n      src=\"https:\/\/kleverplast.de\/wp-content\/uploads\/2022\/08\/logo-klever-removebg-preview.png\"\n      width=\"265\"\n      height=\"120\"\n      \n      \n                                                                  >\n  \n\n\t\t\t\t\t\n\t\t\t\t\t\t<\/div>\n\t<\/div>\n\n\t<\/figure>\n\n<\/div>\n<\/div><div class=\"bde-column-698-183 bde-column\">\n  \n\t\n\n\n\n<h2 class=\"bde-heading-698-184 bde-heading\">\nConstant innovation through industry networking and exchange\n<\/h2><div class=\"bde-text-698-185 bde-text\">\nIt is our goal to keep an eye on the latest developments in industry, society and technology and to constantly improve. This also includes the constant exchange with industry representatives, customers and developers. For this reason, we are a member of the German Screw Association and also a supporting member of the L\u00fcdenscheid Plastics Center.\n<\/div>\n<\/div><\/div><\/div>\n<\/section>","protected":false},"excerpt":{"rendered":"<p>Nachhaltigkeit Verantwortung f\u00fcr mehr Verantwortungsbewusst \u00fcber die Oberfl\u00e4che hinaus Nachhaltigkeit in der Oberfl\u00e4chentechnik bedeutet Effizienz, Umweltvertr\u00e4glichkeit und Sicherheit. Dies beinhaltet auch die Ber\u00fccksichtigung von neuen Materialien, digitaler Transformation und strengeren Umweltzielen. Nachhaltigkeit als Grundsatz Bei Klever ist es unser Grundsatz, alle Prozesse ganzheitlich und nachhaltig zu gestalten, da Nachhaltigkeit und Qualit\u00e4t untrennbar miteinander verbunden sind. [&hellip;]<\/p>\n","protected":false},"author":4,"featured_media":0,"parent":0,"menu_order":9,"comment_status":"closed","ping_status":"closed","template":"","meta":{"_acf_changed":false,"_breakdance_hide_in_design_set":false,"_breakdance_tags":"","footnotes":""},"class_list":["post-698","page","type-page","status-publish","hentry"],"acf":[],"_links":{"self":[{"href":"https:\/\/kleverplast.de\/en\/wp-json\/wp\/v2\/pages\/698","targetHints":{"allow":["GET"]}}],"collection":[{"href":"https:\/\/kleverplast.de\/en\/wp-json\/wp\/v2\/pages"}],"about":[{"href":"https:\/\/kleverplast.de\/en\/wp-json\/wp\/v2\/types\/page"}],"author":[{"embeddable":true,"href":"https:\/\/kleverplast.de\/en\/wp-json\/wp\/v2\/users\/4"}],"replies":[{"embeddable":true,"href":"https:\/\/kleverplast.de\/en\/wp-json\/wp\/v2\/comments?post=698"}],"version-history":[{"count":10,"href":"https:\/\/kleverplast.de\/en\/wp-json\/wp\/v2\/pages\/698\/revisions"}],"predecessor-version":[{"id":2544,"href":"https:\/\/kleverplast.de\/en\/wp-json\/wp\/v2\/pages\/698\/revisions\/2544"}],"wp:attachment":[{"href":"https:\/\/kleverplast.de\/en\/wp-json\/wp\/v2\/media?parent=698"}],"curies":[{"name":"wp","href":"https:\/\/api.w.org\/{rel}","templated":true}]}}