{"id":2539,"date":"2022-10-21T18:12:58","date_gmt":"2024-10-28T09:36:24","guid":{"rendered":"https:\/\/kleverplast.de\/aktuelles-2\/"},"modified":"2026-02-26T13:38:27","modified_gmt":"2026-02-26T13:38:27","slug":"aktuelles-downloads","status":"publish","type":"page","link":"https:\/\/kleverplast.de\/en\/aktuelles-downloads\/","title":{"rendered":"News &amp; Downloads"},"content":{"rendered":"<section class=\"bde-section-2539-133 bde-section klv-mika\">\n  \n\t\n\n\n\n<div class=\"section-container\"><\/div>\n<\/section><section class=\"bde-section-2539-134 bde-section\">\n              \n  \n\t\n\n  <div class=\"section-background-overlay\"><\/div>\n\n\n<div class=\"section-container\"><div class=\"bde-div-2539-135 bde-div\">\n  \n\t\n\n\n\n<h1 class=\"bde-heading-2539-136 bde-heading klv-sub-hero__heading\">\nAktuelles &#038; Downloads\n<\/h1><div class=\"bde-text-2539-137 bde-text\">\n\n<\/div>\n<\/div><div class=\"bde-div-2539-156 bde-div\">\n  \n\t\n\n\n\n<div class=\"bde-columns-2539-152 bde-columns\"><div class=\"bde-column-2539-153 bde-column\">\n  \n\t\n\n\n\n<div class=\"bde-button-2539-106 bde-button\">\n    \n                                    \n    \n    \n    \n    \n            \n                    \n            \n            \n\n    \n    \n    \n    \n    <a class=\"breakdance-link button-atom button-atom--secondary bde-button__button\" href=\"#presse\" target=\"_self\" data-type=\"url\"  >\n\n    \n        <span class=\"button-atom__text\">zu den Artikeln<\/span>\n\n        \n        \n                <\/a>\n\n    \n\n\n<\/div>\n<\/div><div class=\"bde-column-2539-154 bde-column\">\n  \n\t\n\n\n\n<div class=\"bde-button-2539-151 bde-button\">\n    \n                                    \n    \n    \n    \n    \n            \n                    \n            \n            \n\n    \n    \n    \n    \n    <a class=\"breakdance-link button-atom button-atom--secondary bde-button__button\" href=\"#downloads\" target=\"_self\" data-type=\"url\"  >\n\n    \n        <span class=\"button-atom__text\">zu den Downloads<\/span>\n\n        \n        \n                <\/a>\n\n    \n\n\n<\/div>\n<\/div><\/div>\n<\/div><\/div>\n<\/section><section id=\"presse\" class=\"bde-section-2539-115 bde-section\">\n  \n\t\n\n\n\n<div class=\"section-container\"><h2 class=\"bde-heading-2539-245 bde-heading klv-sub-hero__heading\">\nAktuelles\n<\/h2><div class=\"bde-div-2539-150 bde-div\">\n  \n\t\n\n\n\n<div class=\"bde-post-list-2539-116 bde-post-list\">\n<div class=\"ee-posts ee-posts-grid\">    <article class=\"ee-post\">\n        \n        \n        \n        <div class=\"ee-post-wrap\">\n            \n                            <h3 class=\"ee-post-title\">\n                    <a class=\"ee-post-title-link\" href=\"https:\/\/kleverplast.de\/en\/klever-im-magazin-plastics-insight\/\" >\n                        Klever im Magazin &#8222;Plastics Insight&#8220;                    <\/a>\n                <\/h3>\n                            <div class=\"ee-post-meta\">\n                    \n                <\/div>\n                            <div class=\"ee-post-content\">\n                    Bereits im Dezember sind wir im Magazin &#8222;Kunststoffe&#8220; erschienen, heute wird das englische Pendent &#8222;Plastics Insight&#8220; mit unserem Beitrag auf englisch ver\u00f6ffentlich. Viel Spa\u00df beim Lesen!                <\/div>\n            \n    \n                                    \n    \n    \n    \n    \n            \n                    \n            \n            \n\n    \n    \n    \n    \n    <a class=\"breakdance-link button-atom button-atom--primary ee-post-button\" href=\"https:\/\/kleverplast.de\/en\/klever-im-magazin-plastics-insight\/\" target=\"_self\" data-type=\"\"  >\n\n    \n        <span class=\"button-atom__text\">weiterlesen<\/span>\n\n        \n        \n                <\/a>\n\n    \n\n\n\n\n            \n        <\/div>\n\n            <\/article>\n\n    <article class=\"ee-post\">\n        \n        \n        \n        <div class=\"ee-post-wrap\">\n            \n                            <h3 class=\"ee-post-title\">\n                    <a class=\"ee-post-title-link\" href=\"https:\/\/kleverplast.de\/en\/klever-im-magazin-kunststoffe\/\" >\n                        Klever im Magazin &#8222;Kunststoffe&#8220;                    <\/a>\n                <\/h3>\n                            <div class=\"ee-post-meta\">\n                    \n                <\/div>\n                            <div class=\"ee-post-content\">\n                    In der Dezemberausgabe des Magazins &#8222;Kunststoffe&#8220; haben wir einen Beitrag \u00fcber unsere technischen Oberfl\u00e4chen f\u00fcr nachfolgende Verklebe-Applikationen ver\u00f6ffentlicht. Viel Spa\u00df beim Lesen! Bei weiterem Interesse oder R\u00fcckfragen zum Thema, kommen [...]                <\/div>\n            \n    \n                                    \n    \n    \n    \n    \n            \n                    \n            \n            \n\n    \n    \n    \n    \n    <a class=\"breakdance-link button-atom button-atom--primary ee-post-button\" href=\"https:\/\/kleverplast.de\/en\/klever-im-magazin-kunststoffe\/\" target=\"_self\" data-type=\"\"  >\n\n    \n        <span class=\"button-atom__text\">weiterlesen<\/span>\n\n        \n        \n                <\/a>\n\n    \n\n\n\n\n            \n        <\/div>\n\n            <\/article>\n\n    <article class=\"ee-post\">\n        \n        \n        \n        <div class=\"ee-post-wrap\">\n            \n                            <h3 class=\"ee-post-title\">\n                    <a class=\"ee-post-title-link\" href=\"https:\/\/kleverplast.de\/en\/klever-vs-pfas-nachhaltiger-fortschritt-statt-unsichtbare-bedrohung\/\" >\n                        Klever vs. PFAS: Nachhaltiger Fortschritt statt unsichtbare Bedrohung                    <\/a>\n                <\/h3>\n                            <div class=\"ee-post-meta\">\n                    \n                <\/div>\n                            <div class=\"ee-post-content\">\n                    Wir haben ein weiteres PFAS-freies Beschichtungsmittel von D\u00d6RKEN Coatings in unserer Produktportfolio aufgenommen! Ab sofort beschichten wir f\u00fcr Sie auch mit D\u00f6rkens DELTA-PROTEKT\u00ae TC 502 GZ !Mehr Informationen hierzu und [...]                <\/div>\n            \n    \n                                    \n    \n    \n    \n    \n            \n                    \n            \n            \n\n    \n    \n    \n    \n    <a class=\"breakdance-link button-atom button-atom--primary ee-post-button\" href=\"https:\/\/kleverplast.de\/en\/klever-vs-pfas-nachhaltiger-fortschritt-statt-unsichtbare-bedrohung\/\" target=\"_self\" data-type=\"\"  >\n\n    \n        <span class=\"button-atom__text\">weiterlesen<\/span>\n\n        \n        \n                <\/a>\n\n    \n\n\n\n\n            \n        <\/div>\n\n            <\/article>\n\n    <article class=\"ee-post\">\n        \n        \n        \n        <div class=\"ee-post-wrap\">\n            \n                            <h3 class=\"ee-post-title\">\n                    <a class=\"ee-post-title-link\" href=\"https:\/\/kleverplast.de\/en\/firmenpraesentation-der-klever-beschichtungstechnik-gmbh-co-kg\/\" >\n                        K-Impulse Firmenportrait                    <\/a>\n                <\/h3>\n                            <div class=\"ee-post-meta\">\n                    \n                <\/div>\n                            <div class=\"ee-post-content\">\n                    Vielschichtig &#8211; Vielseitig &#8211; Verbindlich Firmenportrait der Klever Beschichtungstechnik GmbH &amp; Co. KG In seiner Ausgabe vom April 2023 portraitiert das Kunststoff-Institut L\u00fcdenscheid die Klever Beschichtungstechnik GmbH &amp; Co. KG [...]                <\/div>\n            \n    \n                                    \n    \n    \n    \n    \n            \n                    \n            \n            \n\n    \n    \n    \n    \n    <a class=\"breakdance-link button-atom button-atom--primary ee-post-button\" href=\"https:\/\/kleverplast.de\/en\/firmenpraesentation-der-klever-beschichtungstechnik-gmbh-co-kg\/\" target=\"_self\" data-type=\"\"  >\n\n    \n        <span class=\"button-atom__text\">weiterlesen<\/span>\n\n        \n        \n                <\/a>\n\n    \n\n\n\n\n            \n        <\/div>\n\n            <\/article>\n\n    <article class=\"ee-post\">\n        \n        \n        \n        <div class=\"ee-post-wrap\">\n            \n                            <h3 class=\"ee-post-title\">\n                    <a class=\"ee-post-title-link\" href=\"https:\/\/kleverplast.de\/en\/klever-auf-der-kuteno-2023\/\" >\n                        Klever auf der KUTENO 2023                    <\/a>\n                <\/h3>\n                            <div class=\"ee-post-meta\">\n                    \n                <\/div>\n                            <div class=\"ee-post-content\">\n                    Besuchen Sie uns auf der KUTENO &#8211; Kunststofftechnik Nord vom 9. &#8211; 11. Mai 2023 in Rheda-Wiedenbr\u00fcck. Sie finden uns in Halle 1 an Stand A1_14. Wir freuen uns auf [...]                <\/div>\n            \n    \n                                    \n    \n    \n    \n    \n            \n                    \n            \n            \n\n    \n    \n    \n    \n    <a class=\"breakdance-link button-atom button-atom--primary ee-post-button\" href=\"https:\/\/kleverplast.de\/en\/klever-auf-der-kuteno-2023\/\" target=\"_self\" data-type=\"\"  >\n\n    \n        <span class=\"button-atom__text\">weiterlesen<\/span>\n\n        \n        \n                <\/a>\n\n    \n\n\n\n\n            \n        <\/div>\n\n            <\/article>\n\n<\/div>\n<\/div>\n<\/div><\/div>\n<\/section><section id=\"downloads\" class=\"bde-section-2539-157 bde-section\">\n  \n\t\n\n\n\n<div class=\"section-container\"><h2 class=\"bde-heading-2539-199 bde-heading klv-sub-hero__heading\">\nDownloads\n<\/h2><h3 class=\"bde-heading-2539-158 bde-heading\">\nAllgemeines\n<\/h3><div class=\"bde-columns-2539-159 bde-columns\"><div class=\"bde-column-2539-160 bde-column\">\n  \n\t\n\n\n\n<div class=\"bde-div-2539-161 bde-div\">\n  \n\t\n\n\n\n<div class=\"bde-columns-2539-162 bde-columns\"><div class=\"bde-column-2539-163 bde-column\">\n  \n\t\n\n\n\n<div class=\"bde-icon-2539-164 bde-icon\">\n\n    \n            <div class=\"bde-icon-icon breakdance-icon-atom\" >\n    \n                    <svg xmlns=\"http:\/\/www.w3.org\/2000\/svg\" id=\"icon-download\" viewBox=\"0 0 32 32\">\n<path d=\"M16 18l8-8h-6v-8h-4v8h-6zM23.273 14.727l-2.242 2.242 8.128 3.031-13.158 4.907-13.158-4.907 8.127-3.031-2.242-2.242-8.727 3.273v8l16 6 16-6v-8z\"\/>\n<\/svg>\n        \n        \n        \n            <\/div>\n    \n\n\n<\/div>\n<\/div><div class=\"bde-column-2539-165 bde-column\">\n  \n\t\n\n\n\n<a class=\"bde-text-link-2539-166 bde-text-link breakdance-link\" href=\"https:\/\/kleverplast.de\/wp-content\/uploads\/2026\/02\/Verhaltenskodex-fuer-Lieferanten-04.2024.pdf\" target=\"_blank\" data-type=\"url\">\n  Lieferanten-Leitlinie\n\n<\/a>\n<\/div><\/div>\n<\/div><div class=\"bde-div-2539-167 bde-div\">\n  \n\t\n\n\n\n<div class=\"bde-columns-2539-168 bde-columns\"><div class=\"bde-column-2539-169 bde-column\">\n  \n\t\n\n\n\n<div class=\"bde-icon-2539-170 bde-icon\">\n\n    \n            <div class=\"bde-icon-icon breakdance-icon-atom\" >\n    \n                    <svg xmlns=\"http:\/\/www.w3.org\/2000\/svg\" id=\"icon-download\" viewBox=\"0 0 32 32\">\n<path d=\"M16 18l8-8h-6v-8h-4v8h-6zM23.273 14.727l-2.242 2.242 8.128 3.031-13.158 4.907-13.158-4.907 8.127-3.031-2.242-2.242-8.727 3.273v8l16 6 16-6v-8z\"\/>\n<\/svg>\n        \n        \n        \n            <\/div>\n    \n\n\n<\/div>\n<\/div><div class=\"bde-column-2539-171 bde-column\">\n  \n\t\n\n\n\n<a class=\"bde-text-link-2539-172 bde-text-link breakdance-link\" href=\"https:\/\/kleverplast.de\/wp-content\/uploads\/2022\/11\/Management-Leitsaetze-04.2020.pdf\" target=\"_blank\" data-type=\"url\">\n  Managementpolitik\n\n<\/a>\n<\/div><\/div>\n<\/div><div class=\"bde-div-2539-173 bde-div\">\n  \n\t\n\n\n\n<div class=\"bde-columns-2539-174 bde-columns\"><div class=\"bde-column-2539-175 bde-column\">\n  \n\t\n\n\n\n<div class=\"bde-icon-2539-176 bde-icon\">\n\n    \n            <div class=\"bde-icon-icon breakdance-icon-atom\" >\n    \n                    <svg xmlns=\"http:\/\/www.w3.org\/2000\/svg\" id=\"icon-download\" viewBox=\"0 0 32 32\">\n<path d=\"M16 18l8-8h-6v-8h-4v8h-6zM23.273 14.727l-2.242 2.242 8.128 3.031-13.158 4.907-13.158-4.907 8.127-3.031-2.242-2.242-8.727 3.273v8l16 6 16-6v-8z\"\/>\n<\/svg>\n        \n        \n        \n            <\/div>\n    \n\n\n<\/div>\n<\/div><div class=\"bde-column-2539-177 bde-column\">\n  \n\t\n\n\n\n<a class=\"bde-text-link-2539-178 bde-text-link breakdance-link\" href=\"https:\/\/kleverplast.de\/wp-content\/uploads\/2024\/02\/Kundenanschreiben-REACH-240111.pdf\" target=\"_blank\" data-type=\"url\">\n  REACH-Verordnung\n\n<\/a>\n<\/div><\/div>\n<\/div><div class=\"bde-div-2539-246 bde-div\">\n  \n\t\n\n\n\n<div class=\"bde-columns-2539-247 bde-columns\"><div class=\"bde-column-2539-248 bde-column\">\n  \n\t\n\n\n\n<div class=\"bde-icon-2539-249 bde-icon\">\n\n    \n            <div class=\"bde-icon-icon breakdance-icon-atom\" >\n    \n                    <svg xmlns=\"http:\/\/www.w3.org\/2000\/svg\" id=\"icon-download\" viewBox=\"0 0 32 32\">\n<path d=\"M16 18l8-8h-6v-8h-4v8h-6zM23.273 14.727l-2.242 2.242 8.128 3.031-13.158 4.907-13.158-4.907 8.127-3.031-2.242-2.242-8.727 3.273v8l16 6 16-6v-8z\"\/>\n<\/svg>\n        \n        \n        \n            <\/div>\n    \n\n\n<\/div>\n<\/div><div class=\"bde-column-2539-250 bde-column\">\n  \n\t\n\n\n\n<a class=\"bde-text-link-2539-251 bde-text-link breakdance-link\" href=\"https:\/\/kleverplast.de\/wp-content\/uploads\/2025\/12\/Einkaufsbedingungen_Stand_112025.pdf\" target=\"_blank\" data-type=\"url\">\n  Einkaufsbedingungen\n\n<\/a>\n<\/div><\/div>\n<\/div>\n<\/div><div class=\"bde-column-2539-179 bde-column\">\n  \n\t\n\n\n\n<div class=\"bde-div-2539-180 bde-div\">\n  \n\t\n\n\n\n<div class=\"bde-columns-2539-181 bde-columns\"><div class=\"bde-column-2539-182 bde-column\">\n  \n\t\n\n\n\n<div class=\"bde-icon-2539-183 bde-icon\">\n\n    \n            <div class=\"bde-icon-icon breakdance-icon-atom\" >\n    \n                    <svg xmlns=\"http:\/\/www.w3.org\/2000\/svg\" id=\"icon-download\" viewBox=\"0 0 32 32\">\n<path d=\"M16 18l8-8h-6v-8h-4v8h-6zM23.273 14.727l-2.242 2.242 8.128 3.031-13.158 4.907-13.158-4.907 8.127-3.031-2.242-2.242-8.727 3.273v8l16 6 16-6v-8z\"\/>\n<\/svg>\n        \n        \n        \n            <\/div>\n    \n\n\n<\/div>\n<\/div><div class=\"bde-column-2539-184 bde-column\">\n  \n\t\n\n\n\n<a class=\"bde-text-link-2539-185 bde-text-link breakdance-link\" href=\"https:\/\/kleverplast.de\/wp-content\/uploads\/2025\/03\/Deckblatt-CQI-12-250313-1.pdf\" target=\"_blank\" data-type=\"url\">\n  Deckblatt CQI-12\n\n<\/a>\n<\/div><\/div>\n<\/div><div class=\"bde-div-2539-186 bde-div\">\n  \n\t\n\n\n\n<div class=\"bde-columns-2539-187 bde-columns\"><div class=\"bde-column-2539-188 bde-column\">\n  \n\t\n\n\n\n<div class=\"bde-icon-2539-189 bde-icon\">\n\n    \n            <div class=\"bde-icon-icon breakdance-icon-atom\" >\n    \n                    <svg xmlns=\"http:\/\/www.w3.org\/2000\/svg\" id=\"icon-download\" viewBox=\"0 0 32 32\">\n<path d=\"M16 18l8-8h-6v-8h-4v8h-6zM23.273 14.727l-2.242 2.242 8.128 3.031-13.158 4.907-13.158-4.907 8.127-3.031-2.242-2.242-8.727 3.273v8l16 6 16-6v-8z\"\/>\n<\/svg>\n        \n        \n        \n            <\/div>\n    \n\n\n<\/div>\n<\/div><div class=\"bde-column-2539-190 bde-column\">\n  \n\t\n\n\n\n<a class=\"bde-text-link-2539-191 bde-text-link breakdance-link\" href=\"https:\/\/kleverplast.de\/wp-content\/uploads\/2024\/02\/Kundenanschreiben-RoHs-240111.pdf\" target=\"_blank\" data-type=\"url\">\n  ROHS-Information\n\n<\/a>\n<\/div><\/div>\n<\/div><div class=\"bde-div-2539-192 bde-div\">\n  \n\t\n\n\n\n<div class=\"bde-columns-2539-193 bde-columns\"><div class=\"bde-column-2539-194 bde-column\">\n  \n\t\n\n\n\n<div class=\"bde-icon-2539-195 bde-icon\">\n\n    \n            <div class=\"bde-icon-icon breakdance-icon-atom\" >\n    \n                    <svg xmlns=\"http:\/\/www.w3.org\/2000\/svg\" id=\"icon-download\" viewBox=\"0 0 32 32\">\n<path d=\"M16 18l8-8h-6v-8h-4v8h-6zM23.273 14.727l-2.242 2.242 8.128 3.031-13.158 4.907-13.158-4.907 8.127-3.031-2.242-2.242-8.727 3.273v8l16 6 16-6v-8z\"\/>\n<\/svg>\n        \n        \n        \n            <\/div>\n    \n\n\n<\/div>\n<\/div><div class=\"bde-column-2539-196 bde-column\">\n  \n\t\n\n\n\n<a class=\"bde-text-link-2539-197 bde-text-link breakdance-link\" href=\"https:\/\/kleverplast.de\/wp-content\/uploads\/2025\/12\/Liefer-und-Leistungsbedingungen_Stand112025.pdf\" target=\"_blank\" data-type=\"url\">\n  Liefer- und Leistungsbedingungen\n\n<\/a>\n<\/div><\/div>\n<\/div><div class=\"bde-div-2539-252 bde-div\">\n  \n\t\n\n\n\n<div class=\"bde-columns-2539-253 bde-columns\"><div class=\"bde-column-2539-254 bde-column\">\n  \n\t\n\n\n\n<div class=\"bde-icon-2539-255 bde-icon\">\n\n    \n            <div class=\"bde-icon-icon breakdance-icon-atom\" >\n    \n                    <svg xmlns=\"http:\/\/www.w3.org\/2000\/svg\" id=\"icon-download\" viewBox=\"0 0 32 32\">\n<path d=\"M16 18l8-8h-6v-8h-4v8h-6zM23.273 14.727l-2.242 2.242 8.128 3.031-13.158 4.907-13.158-4.907 8.127-3.031-2.242-2.242-8.727 3.273v8l16 6 16-6v-8z\"\/>\n<\/svg>\n        \n        \n        \n            <\/div>\n    \n\n\n<\/div>\n<\/div><div class=\"bde-column-2539-256 bde-column\">\n  \n\t\n\n\n\n<a class=\"bde-text-link-2539-257 bde-text-link breakdance-link\" href=\"https:\/\/kleverplast.de\/wp-content\/uploads\/2026\/02\/Code-of-Conduct-04.2024.pdf\" target=\"_blank\" data-type=\"url\">\n  Code of Conduct\n\n<\/a>\n<\/div><\/div>\n<\/div>\n<\/div><\/div><\/div>\n<\/section><section id=\"first-section\" class=\"bde-section-2539-200 bde-section\">\n  \n\t\n\n\n\n<div class=\"section-container\"><h1 class=\"bde-heading-2539-201 bde-heading\">\nZertifikate\n<\/h1><div class=\"bde-columns-2539-202 bde-columns\"><div class=\"bde-column-2539-203 bde-column\">\n  \n\t\n\n\n\n<div class=\"bde-div-2539-204 bde-div\">\n  \n\t\n\n\n\n<div class=\"bde-columns-2539-205 bde-columns\"><div class=\"bde-column-2539-206 bde-column\">\n  \n\t\n\n\n\n<div class=\"bde-icon-2539-207 bde-icon\">\n\n    \n            <div class=\"bde-icon-icon breakdance-icon-atom\" >\n    \n                    <svg xmlns=\"http:\/\/www.w3.org\/2000\/svg\" id=\"icon-download\" viewBox=\"0 0 32 32\">\n<path d=\"M16 18l8-8h-6v-8h-4v8h-6zM23.273 14.727l-2.242 2.242 8.128 3.031-13.158 4.907-13.158-4.907 8.127-3.031-2.242-2.242-8.727 3.273v8l16 6 16-6v-8z\"\/>\n<\/svg>\n        \n        \n        \n            <\/div>\n    \n\n\n<\/div>\n<\/div><div class=\"bde-column-2539-208 bde-column\">\n  \n\t\n\n\n\n<a class=\"bde-text-link-2539-209 bde-text-link breakdance-link\" href=\"https:\/\/kleverplast.de\/wp-content\/uploads\/2024\/04\/01-111-5396-01-Zertifikat-IATF-16949.pdf\" target=\"_blank\" data-type=\"url\">\n  PDF IATF 16949 Bergneustadt DE\n\n<\/a><a class=\"bde-text-link-2539-210 bde-text-link breakdance-link\" href=\"https:\/\/kleverplast.de\/wp-content\/uploads\/2024\/06\/01-111-5396-01-Certificate-IATF-16949.pdf\" target=\"_blank\" data-type=\"url\">\n  PDF IATF 16949 Bergneustadt EN\n\n<\/a>\n<\/div><\/div>\n<\/div><div class=\"bde-div-2539-211 bde-div\">\n  \n\t\n\n\n\n<div class=\"bde-columns-2539-212 bde-columns\"><div class=\"bde-column-2539-213 bde-column\">\n  \n\t\n\n\n\n<div class=\"bde-icon-2539-214 bde-icon\">\n\n    \n            <div class=\"bde-icon-icon breakdance-icon-atom\" >\n    \n                    <svg xmlns=\"http:\/\/www.w3.org\/2000\/svg\" id=\"icon-download\" viewBox=\"0 0 32 32\">\n<path d=\"M16 18l8-8h-6v-8h-4v8h-6zM23.273 14.727l-2.242 2.242 8.128 3.031-13.158 4.907-13.158-4.907 8.127-3.031-2.242-2.242-8.727 3.273v8l16 6 16-6v-8z\"\/>\n<\/svg>\n        \n        \n        \n            <\/div>\n    \n\n\n<\/div>\n<\/div><div class=\"bde-column-2539-215 bde-column\">\n  \n\t\n\n\n\n<a class=\"bde-text-link-2539-216 bde-text-link breakdance-link\" href=\"https:\/\/kleverplast.de\/wp-content\/uploads\/2024\/04\/01-111-5396-02-Zertifikat-IATF-16949.pdf\" target=\"_blank\" data-type=\"url\">\n  PDF IATF 16949 Wiehl DE\n\n<\/a><a class=\"bde-text-link-2539-217 bde-text-link breakdance-link\" href=\"https:\/\/kleverplast.de\/wp-content\/uploads\/2024\/04\/01-111-5396-02-Certificate-IATF-16949.pdf\" target=\"_blank\" data-type=\"url\">\n  PDF IATF 16949 Wiehl EN\n\n<\/a>\n<\/div><\/div>\n<\/div><div class=\"bde-div-2539-218 bde-div\">\n  \n\t\n\n\n\n<div class=\"bde-columns-2539-219 bde-columns\"><div class=\"bde-column-2539-220 bde-column\">\n  \n\t\n\n\n\n<div class=\"bde-icon-2539-221 bde-icon\">\n\n    \n            <div class=\"bde-icon-icon breakdance-icon-atom\" >\n    \n                    <svg xmlns=\"http:\/\/www.w3.org\/2000\/svg\" id=\"icon-download\" viewBox=\"0 0 32 32\">\n<path d=\"M16 18l8-8h-6v-8h-4v8h-6zM23.273 14.727l-2.242 2.242 8.128 3.031-13.158 4.907-13.158-4.907 8.127-3.031-2.242-2.242-8.727 3.273v8l16 6 16-6v-8z\"\/>\n<\/svg>\n        \n        \n        \n            <\/div>\n    \n\n\n<\/div>\n<\/div><div class=\"bde-column-2539-222 bde-column\">\n  \n\t\n\n\n\n<a class=\"bde-text-link-2539-223 bde-text-link breakdance-link\" href=\"https:\/\/kleverplast.de\/wp-content\/uploads\/2025\/07\/01-104-5396_DE-Zert_ISO-14001.pdf\" target=\"_blank\" data-type=\"url\">\n  PDF ISO 14001 DE\n\n<\/a><a class=\"bde-text-link-2539-224 bde-text-link breakdance-link\" href=\"https:\/\/kleverplast.de\/wp-content\/uploads\/2025\/07\/01-104-5396_EN-Zert_ISO-14001.pdf\" target=\"_blank\" data-type=\"url\">\n  PDF ISO 14001 EN\n\n<\/a>\n<\/div><\/div>\n<\/div><div class=\"bde-div-2539-225 bde-div\">\n  \n\t\n\n\n\n<div class=\"bde-columns-2539-226 bde-columns\"><div class=\"bde-column-2539-227 bde-column\">\n  \n\t\n\n\n\n<div class=\"bde-icon-2539-228 bde-icon\">\n\n    \n            <div class=\"bde-icon-icon breakdance-icon-atom\" >\n    \n                    <svg xmlns=\"http:\/\/www.w3.org\/2000\/svg\" id=\"icon-download\" viewBox=\"0 0 32 32\">\n<path d=\"M16 18l8-8h-6v-8h-4v8h-6zM23.273 14.727l-2.242 2.242 8.128 3.031-13.158 4.907-13.158-4.907 8.127-3.031-2.242-2.242-8.727 3.273v8l16 6 16-6v-8z\"\/>\n<\/svg>\n        \n        \n        \n            <\/div>\n    \n\n\n<\/div>\n<\/div><div class=\"bde-column-2539-229 bde-column\">\n  \n\t\n\n\n\n<a class=\"bde-text-link-2539-230 bde-text-link breakdance-link\" href=\"https:\/\/kleverplast.de\/wp-content\/uploads\/2024\/06\/01_407_5396_DE-Zert_ISO-50001.pdf\" target=\"_blank\" data-type=\"url\">\n  PDF ISO 50001 DE\n\n<\/a><a class=\"bde-text-link-2539-231 bde-text-link breakdance-link\" href=\"https:\/\/kleverplast.de\/wp-content\/uploads\/2024\/06\/01_407_5396_EN-Zert_ISO-50001.pdf\" target=\"_blank\" data-type=\"url\">\n  PDF ISO 50001 EN\n\n<\/a>\n<\/div><\/div>\n<\/div>\n<\/div><div class=\"bde-column-2539-232 bde-column\">\n  \n\t\n\n\n\n<div class=\"bde-div-2539-233 bde-div\">\n  \n\t\n\n\n\n<div class=\"bde-columns-2539-234 bde-columns\"><div class=\"bde-column-2539-235 bde-column\">\n  \n\t\n\n\n\n<div class=\"bde-icon-2539-236 bde-icon\">\n\n    \n            <div class=\"bde-icon-icon breakdance-icon-atom\" >\n    \n                    <svg xmlns=\"http:\/\/www.w3.org\/2000\/svg\" id=\"icon-download\" viewBox=\"0 0 32 32\">\n<path d=\"M16 18l8-8h-6v-8h-4v8h-6zM23.273 14.727l-2.242 2.242 8.128 3.031-13.158 4.907-13.158-4.907 8.127-3.031-2.242-2.242-8.727 3.273v8l16 6 16-6v-8z\"\/>\n<\/svg>\n        \n        \n        \n            <\/div>\n    \n\n\n<\/div>\n<\/div><div class=\"bde-column-2539-237 bde-column\">\n  \n\t\n\n\n\n<a class=\"bde-text-link-2539-238 bde-text-link breakdance-link\" href=\"https:\/\/kleverplast.de\/wp-content\/uploads\/2022\/11\/MHF_0534m_Bildgroesse-aendern-2.jpg\" target=\"_blank\" data-type=\"url\">\n  MAGNI\n\n<\/a>\n<\/div><\/div>\n<\/div><div class=\"bde-div-2539-239 bde-div\">\n  \n\t\n\n\n\n<div class=\"bde-columns-2539-240 bde-columns\"><div class=\"bde-column-2539-241 bde-column\">\n  \n\t\n\n\n\n<div class=\"bde-icon-2539-242 bde-icon\">\n\n    \n            <div class=\"bde-icon-icon breakdance-icon-atom\" >\n    \n                    <svg xmlns=\"http:\/\/www.w3.org\/2000\/svg\" id=\"icon-download\" viewBox=\"0 0 32 32\">\n<path d=\"M16 18l8-8h-6v-8h-4v8h-6zM23.273 14.727l-2.242 2.242 8.128 3.031-13.158 4.907-13.158-4.907 8.127-3.031-2.242-2.242-8.727 3.273v8l16 6 16-6v-8z\"\/>\n<\/svg>\n        \n        \n        \n            <\/div>\n    \n\n\n<\/div>\n<\/div><div class=\"bde-column-2539-243 bde-column\">\n  \n\t\n\n\n\n<a class=\"bde-text-link-2539-244 bde-text-link breakdance-link\" href=\"https:\/\/kleverplast.de\/wp-content\/uploads\/2025\/06\/Zertifikat-Doerken-Coatings-Klever-2024.pdf\" target=\"_blank\" data-type=\"url\">\n  D\u00d6RKEN\n\n<\/a>\n<\/div><\/div>\n<\/div>\n<\/div><\/div><\/div>\n<\/section>","protected":false},"excerpt":{"rendered":"","protected":false},"author":7,"featured_media":0,"parent":0,"menu_order":11,"comment_status":"closed","ping_status":"closed","template":"","meta":{"_acf_changed":false,"_breakdance_hide_in_design_set":false,"_breakdance_tags":"","footnotes":""},"class_list":["post-2539","page","type-page","status-publish","hentry"],"acf":[],"_links":{"self":[{"href":"https:\/\/kleverplast.de\/en\/wp-json\/wp\/v2\/pages\/2539","targetHints":{"allow":["GET"]}}],"collection":[{"href":"https:\/\/kleverplast.de\/en\/wp-json\/wp\/v2\/pages"}],"about":[{"href":"https:\/\/kleverplast.de\/en\/wp-json\/wp\/v2\/types\/page"}],"author":[{"embeddable":true,"href":"https:\/\/kleverplast.de\/en\/wp-json\/wp\/v2\/users\/7"}],"replies":[{"embeddable":true,"href":"https:\/\/kleverplast.de\/en\/wp-json\/wp\/v2\/comments?post=2539"}],"version-history":[{"count":9,"href":"https:\/\/kleverplast.de\/en\/wp-json\/wp\/v2\/pages\/2539\/revisions"}],"predecessor-version":[{"id":2634,"href":"https:\/\/kleverplast.de\/en\/wp-json\/wp\/v2\/pages\/2539\/revisions\/2634"}],"wp:attachment":[{"href":"https:\/\/kleverplast.de\/en\/wp-json\/wp\/v2\/media?parent=2539"}],"curies":[{"name":"wp","href":"https:\/\/api.w.org\/{rel}","templated":true}]}}