{"id":2053,"date":"2022-10-21T18:12:58","date_gmt":"2023-09-15T21:46:54","guid":{"rendered":"https:\/\/kleverplast.de\/home-2\/"},"modified":"2025-07-10T11:12:53","modified_gmt":"2025-07-10T11:12:53","slug":"home","status":"publish","type":"page","link":"https:\/\/kleverplast.de\/en\/","title":{"rendered":"Home"},"content":{"rendered":"<section class=\"bde-section-2053-197 bde-section\">\n              \n  \n\t    \n      <div class=\"section-background-video\">\n              <video\n          autoplay\n muted\n loop\n poster=\"https:\/\/kleverplast.de\/wp-content\/uploads\/2022\/10\/5F3U2146_RT8-scaled.jpg\"\n                >\n        <source src=\"\/wp-content\/uploads\/Klever_Film.mp4\" type=\"video\/mp4\" \/>\n      <\/video>\n      <\/div>\n\n\n  <div class=\"section-background-overlay\"><\/div>\n\n\n<div class=\"section-container\"><div class=\"bde-text-2053-198 bde-text\">\nMultifaceted | Versatile | Committed\n<\/div><h1 class=\"bde-heading-2053-199 bde-heading\">\nKlever Beschichtungstechnik<br>Your expert for corrosion protection and bonding applications\n<\/h1><\/div>\n<\/section><section class=\"bde-section-2053-103 bde-section\">\n  \n\t\n\n\n\n<div class=\"section-container\"><div class=\"bde-div-2053-104 bde-div\">\n  \n\t\n\n\n\n<div class=\"bde-rich-text-2053-193 bde-rich-text breakdance-rich-text-styles\">\n<p>As a <strong>pioneer in surface technology <\/strong>Klever stands for <strong>innovative, sustainable solutions<\/strong>. We use various technologies and applications to optimise <strong>optimal functionality, reliable durability and the highest possible quality <\/strong>for each and every one of your parts.<\/p><p><\/p><p><\/p><p><\/p><p>Our <strong>decades of know-how <\/strong>ranges from corrosion protection by means of zinc flake coatings, through the precise adjustment of sliding and friction coefficient windows, to technical surfaces for subsequent bonding applications.<\/p><p><\/p><p><\/p><p><\/p><p>Among other things, we offer the following services for this purpose:<\/p>\n<\/div>\n<\/div><div class=\"bde-columns-2053-147 bde-columns\"><div class=\"bde-column-2053-148 bde-column\">\n  \n\t\n\n\n\n<div class=\"bde-image-2053-185 bde-image\">\n  \n\n\n\n\n\n<figure class=\"breakdance-image breakdance-image--1987\">\n\t<div class=\"breakdance-image-container\">\n\t\t<div class=\"breakdance-image-clip\">\n\t\t\t\n\t\t\t\t\n\t\t\t\t\t      \n  \n  \n  \n  \n      \n      <img decoding=\"async\"\n      class=\"breakdance-image-object\"\n      src=\"https:\/\/kleverplast.de\/wp-content\/uploads\/2023\/09\/phosphat-removebg-preview-e1694688816134.png\"\n      width=\"397\"\n      height=\"373\"\n      \n      loading=\"lazy\"\n                                    srcset=\"https:\/\/kleverplast.de\/wp-content\/uploads\/2023\/09\/phosphat-removebg-preview-e1694688816134.png 397w, https:\/\/kleverplast.de\/wp-content\/uploads\/2023\/09\/phosphat-removebg-preview-e1694688816134-300x282.png 300w, https:\/\/kleverplast.de\/wp-content\/uploads\/2023\/09\/phosphat-removebg-preview-e1694688816134-13x12.png 13w\"\n                                                                      >\n  \n\n\t\t\t\t\t\n\t\t\t\t\t\t<\/div>\n\t<\/div>\n\n\t<\/figure>\n\n<\/div><div class=\"bde-text-2053-110 bde-text\">\nProduction preparation by degreasing, blasting or thin-film phosphating\n<\/div>\n<\/div><div class=\"bde-column-2053-149 bde-column\">\n  \n\t\n\n\n\n<div class=\"bde-image-2053-184 bde-image\">\n  \n\n\n\n\n\n<figure class=\"breakdance-image breakdance-image--1842\">\n\t<div class=\"breakdance-image-container\">\n\t\t<div class=\"breakdance-image-clip\">\n\t\t\t\n\t\t\t\t\n\t\t\t\t\t      \n  \n  \n  \n  \n      \n      <img decoding=\"async\"\n      class=\"breakdance-image-object\"\n      src=\"https:\/\/kleverplast.de\/wp-content\/uploads\/2023\/09\/lange_schrauben_zincflace-removebg-preview-e1695209619385.png\"\n      width=\"515\"\n      height=\"272\"\n      \n      loading=\"lazy\"\n                                    srcset=\"https:\/\/kleverplast.de\/wp-content\/uploads\/2023\/09\/lange_schrauben_zincflace-removebg-preview-e1695209619385.png 515w, https:\/\/kleverplast.de\/wp-content\/uploads\/2023\/09\/lange_schrauben_zincflace-removebg-preview-e1695209619385-300x158.png 300w, https:\/\/kleverplast.de\/wp-content\/uploads\/2023\/09\/lange_schrauben_zincflace-removebg-preview-e1695209619385-18x10.png 18w\"\n                                                                      >\n  \n\n\t\t\t\t\t\n\t\t\t\t\t\t<\/div>\n\t<\/div>\n\n\t<\/figure>\n\n<\/div><div class=\"bde-text-2053-113 bde-text\">\nApplication of inorganic zinc flake coatings (e.g. DELTA-PROTEKT\u00ae KL100, DELTA\u00ae-TONE 9000 or Magni D21)<br>\n<\/div>\n<\/div><\/div><div class=\"bde-columns-2053-150 bde-columns\"><div class=\"bde-column-2053-151 bde-column\">\n  \n\t\n\n\n\n<div class=\"bde-image-2053-183 bde-image\">\n  \n\n\n\n\n\n<figure class=\"breakdance-image breakdance-image--1889\">\n\t<div class=\"breakdance-image-container\">\n\t\t<div class=\"breakdance-image-clip\">\n\t\t\t\n\t\t\t\t\n\t\t\t\t\t      \n  \n  \n  \n  \n      \n      <img decoding=\"async\"\n      class=\"breakdance-image-object\"\n      src=\"https:\/\/kleverplast.de\/wp-content\/uploads\/2023\/09\/schrauben_topcoat-removebg-preview-e1695209783738.png\"\n      width=\"466\"\n      height=\"417\"\n      \n      loading=\"lazy\"\n                                    srcset=\"https:\/\/kleverplast.de\/wp-content\/uploads\/2023\/09\/schrauben_topcoat-removebg-preview-e1695209783738.png 466w, https:\/\/kleverplast.de\/wp-content\/uploads\/2023\/09\/schrauben_topcoat-removebg-preview-e1695209783738-300x268.png 300w, https:\/\/kleverplast.de\/wp-content\/uploads\/2023\/09\/schrauben_topcoat-removebg-preview-e1695209783738-13x12.png 13w\"\n                                                                      >\n  \n\n\t\t\t\t\t\n\t\t\t\t\t\t<\/div>\n\t<\/div>\n\n\t<\/figure>\n\n<\/div><div class=\"bde-text-2053-116 bde-text\">\nApplication of organic topcoats (e.g. DELTA\u00ae-SEAL, DELTA-eLACK\u00ae 800 (KTL) or Magni B18)<br>and hybrid topcoats (e.g. DELTA-PROTEKT\u00ae TC 502 GZ)\n<\/div>\n<\/div><div class=\"bde-column-2053-154 bde-column\">\n  \n\t\n\n\n\n<div class=\"bde-image-2053-118 bde-image\">\n  \n\n\n\n\n\n<figure class=\"breakdance-image breakdance-image--1883\">\n\t<div class=\"breakdance-image-container\">\n\t\t<div class=\"breakdance-image-clip\">\n\t\t\t\n\t\t\t\t\n\t\t\t\t\t      \n  \n  \n  \n  \n      \n      <img decoding=\"async\"\n      class=\"breakdance-image-object\"\n      src=\"https:\/\/kleverplast.de\/wp-content\/uploads\/2023\/09\/sensorhalter_topcoat-removebg-preview-e1695209737709.png\"\n      width=\"520\"\n      height=\"301\"\n      \n      loading=\"lazy\"\n                                    srcset=\"https:\/\/kleverplast.de\/wp-content\/uploads\/2023\/09\/sensorhalter_topcoat-removebg-preview-e1695209737709.png 520w, https:\/\/kleverplast.de\/wp-content\/uploads\/2023\/09\/sensorhalter_topcoat-removebg-preview-e1695209737709-300x174.png 300w, https:\/\/kleverplast.de\/wp-content\/uploads\/2023\/09\/sensorhalter_topcoat-removebg-preview-e1695209737709-18x10.png 18w\"\n                                                                      >\n  \n\n\t\t\t\t\t\n\t\t\t\t\t\t<\/div>\n\t<\/div>\n\n\t<\/figure>\n\n<\/div><div class=\"bde-text-2053-119 bde-text\">\nApplying your own coating agents = the perfect functional surface for reliable bonding\n<\/div>\n<\/div><\/div><div class=\"bde-text-2053-120 bde-text\">\nWe would be pleased to introduce you to our other services<br>and competences in detail!\n<\/div><div class=\"bde-div-2053-194 bde-div\">\n  \n\t\n\n\n\n<div class=\"bde-icon-list-2053-196 bde-icon-list\">\n<ul>\n  \n              \n    <li>\n                      \n            \n            \n\n    \n    \n    \n    \n    <a class=\"breakdance-link bde-icon-list__item-wrapper\" href=\"https:\/\/kleverplast.de\/en\/kompetenzen\/\" target=\"_self\" data-type=\"url\"  >\n\n      \n      <span class='bde-icon-list__icon'>\n        <svg xmlns=\"http:\/\/www.w3.org\/2000\/svg\" viewbox=\"0 0 448 512\"><!-- Font Awesome Free 5.15.1 by @fontawesome - https:\/\/fontawesome.com License - https:\/\/fontawesome.com\/license\/free (Icons: CC BY 4.0, Fonts: SIL OFL 1.1, Code: MIT License) --><path d=\"M190.5 66.9l22.2-22.2c9.4-9.4 24.6-9.4 33.9 0L441 239c9.4 9.4 9.4 24.6 0 33.9L246.6 467.3c-9.4 9.4-24.6 9.4-33.9 0l-22.2-22.2c-9.5-9.5-9.3-25 .4-34.3L311.4 296H24c-13.3 0-24-10.7-24-24v-32c0-13.3 10.7-24 24-24h287.4L190.9 101.2c-9.8-9.3-10-24.8-.4-34.3z\"\/><\/svg>\n      <\/span>\n      <span class='bde-icon-list__text' >\n      View service details\n      <\/span>\n                  <\/a>\n\n      \n    <\/li>\n\n  <\/ul>\n\n<\/div>\n<\/div><\/div>\n<\/section><section class=\"bde-section-2053-122 bde-section\">\n  \n\t\n\n\n\n<div class=\"section-container\"><div class=\"bde-div-2053-187 bde-div\">\n  \n\t\n\n\n\n<div class=\"bde-rich-text-2053-123 bde-rich-text breakdance-rich-text-styles\">\n<h2>The increase in quality requirements<\/h2><p>In order to meet the ever-increasing and changing demands of our customers, we are also developing <strong>own application techniques <\/strong>and <strong>Coating agent<\/strong>. These allow us to respond individually to the needs of our customers. Among other things, the application techniques we have developed are worthy of mention here <a target=\"_self\" rel=\"noopener noreferrer nofollow\" href=\"https:\/\/kleverplast.de\/en\/technologien\/kleverest\/\">Kleverest\u00ae process<\/a> and <a target=\"_self\" href=\"https:\/\/kleverplast.de\/en\/applikationen\/trace-coating\/\">Trace Coating<\/a>as well as the application of our specially developed coating agent groups Klevercol\u00ae, KleverPUR\u00ae and KleverPLAST\u00ae.<\/p><p>With the <strong>Kleverest\u00ae process <\/strong>Zinc flake coatings and all other wet coating systems can be processed for bulk material. In particular, we use products from D\u00f6rken Coatings and Magni to reliably protect your components from corrosion and to provide them with additional properties.<\/p>\n<\/div>\n<\/div><div class=\"bde-div-2053-188 bde-div\">\n  \n\t\n\n\n\n<div class=\"bde-columns-2053-189 bde-columns\"><div class=\"bde-column-2053-190 bde-column\">\n  \n\t\n\n\n\n<div class=\"bde-rich-text-2053-186 bde-rich-text breakdance-rich-text-styles\">\n<p><strong>Trace Coating <\/strong>is a fully automated, partial rack application for plastic components, with which we were also able to achieve a significant improvement in the carbon footprint. In connection with trace coating, we have developed a <strong>state-funded <\/strong>ZIM project together with the Technical University of Cologne at the <strong>Integration of artificial intelligence <\/strong>researched.<\/p>\n<\/div>\n<\/div><div class=\"bde-column-2053-191 bde-column\">\n  \n\t\n\n\n\n<div class=\"bde-image-2053-192 bde-image\">\n  \n\n\n\n\n\n<figure class=\"breakdance-image breakdance-image--2059\">\n\t<div class=\"breakdance-image-container\">\n\t\t<div class=\"breakdance-image-clip\">\n\t\t\t\n\t\t\t\t\n\t\t\t\t\t      \n  \n  \n  \n  \n      \n      <img loading=\"lazy\" decoding=\"async\"\n      class=\"breakdance-image-object\"\n      src=\"https:\/\/kleverplast.de\/wp-content\/uploads\/2023\/09\/zim-bmwe-logos.jpg\"\n      width=\"700\"\n      height=\"299\"\n      \n      \n                                    srcset=\"https:\/\/kleverplast.de\/wp-content\/uploads\/2023\/09\/zim-bmwe-logos.jpg 700w, https:\/\/kleverplast.de\/wp-content\/uploads\/2023\/09\/zim-bmwe-logos-300x128.jpg 300w, https:\/\/kleverplast.de\/wp-content\/uploads\/2023\/09\/zim-bmwe-logos-18x8.jpg 18w\"\n                                                                      >\n  \n\n\t\t\t\t\t\n\t\t\t\t\t\t<\/div>\n\t<\/div>\n\n\t<\/figure>\n\n<\/div>\n<\/div><\/div>\n<\/div><\/div>\n<\/section><section class=\"bde-section-2053-172 bde-section\">\n  \n\t\n\n\n\n<div class=\"section-container\"><div class=\"bde-rich-text-2053-173 bde-rich-text breakdance-rich-text-styles\">\n<h2>Functional surfaces for bonding applications<\/h2>\n<p align=\"justify\">A special highlight of our range of products is the creation of <strong>Functional surfaces for bonding applications <\/strong>with our specially developed coating agent groups Klevercol\u00ae, KleverPUR\u00ae and KleverPLAST\u00ae. This is done by means of a targeted and, if necessary, partial coating on a wide variety of basic substrates such as plastics, sintered metals, magnesium and aluminium die castings and other metals.<\/p>\n<p align=\"justify\">The application of our coating agent group KleverPLAST\u00ae is another milestone, especially in the increasing relevance of driver-assistive sensors (ADAS systems). Ever-increasing requirements of the automotive industry for these safety-relevant systems make a <strong>Precisely targeted and traceable coating <\/strong>unavoidable. This is also demonstrated by the continuously increasing number of demanding tests on the subject of load resistance under the influence of temperature and humidity. This is exactly where we come in with our generated surfaces.<\/p>\n<\/div><div class=\"bde-div-2053-174 bde-div\">\n  \n\t\n\n\n\n<div class=\"bde-text-2053-175 bde-text\">\nBonding - Applications<br>AT A GLANCE!\n<\/div><div class=\"bde-columns-2053-176 bde-columns\"><div class=\"bde-column-2053-177 bde-column\">\n  \n\t\n\n\n\n<div class=\"bde-icon-list-2053-178 bde-icon-list\">\n<ul>\n  \n              \n    <li>\n              <div class='bde-icon-list__item-wrapper'>\n      \n      <span class='bde-icon-list__icon'>\n        <svg xmlns=\"http:\/\/www.w3.org\/2000\/svg\" id=\"icon-checkmark\" viewbox=\"0 0 32 32\">\n<path d=\"M27 4l-15 15-7-7-5 5 12 12 20-20z\"\/>\n<\/svg>\n      <\/span>\n      <span class='bde-icon-list__text' >\n      Pre-treatment of plastics and metals to increase wettability\n      <\/span>\n              <\/div>\n      \n    <\/li>\n\n  \n              \n    <li>\n              <div class='bde-icon-list__item-wrapper'>\n      \n      <span class='bde-icon-list__icon'>\n        <svg xmlns=\"http:\/\/www.w3.org\/2000\/svg\" id=\"icon-checkmark\" viewbox=\"0 0 32 32\">\n<path d=\"M27 4l-15 15-7-7-5 5 12 12 20-20z\"\/>\n<\/svg>\n      <\/span>\n      <span class='bde-icon-list__text' >\n      Property-optimised coating chemistry on epoxy and PU basis\n      <\/span>\n              <\/div>\n      \n    <\/li>\n\n  \n              \n    <li>\n              <div class='bde-icon-list__item-wrapper'>\n      \n      <span class='bde-icon-list__icon'>\n        <svg xmlns=\"http:\/\/www.w3.org\/2000\/svg\" id=\"icon-checkmark\" viewbox=\"0 0 32 32\">\n<path d=\"M27 4l-15 15-7-7-5 5 12 12 20-20z\"\/>\n<\/svg>\n      <\/span>\n      <span class='bde-icon-list__text' >\n      Coating of all basic substrates and material mixtures including any plastic, aluminium, magnesium and sintered metals\n      <\/span>\n              <\/div>\n      \n    <\/li>\n\n  <\/ul>\n\n<\/div>\n<\/div><div class=\"bde-column-2053-179 bde-column\">\n  \n\t\n\n\n\n<div class=\"bde-icon-list-2053-180 bde-icon-list\">\n<ul>\n  \n              \n    <li>\n              <div class='bde-icon-list__item-wrapper'>\n      \n      <span class='bde-icon-list__icon'>\n        <svg xmlns=\"http:\/\/www.w3.org\/2000\/svg\" id=\"icon-checkmark\" viewbox=\"0 0 32 32\">\n<path d=\"M27 4l-15 15-7-7-5 5 12 12 20-20z\"\/>\n<\/svg>\n      <\/span>\n      <span class='bde-icon-list__text' >\n      Detectability and control by UV detection with the product KleverPLAST\u00ae-tech UV (trace)\n      <\/span>\n              <\/div>\n      \n    <\/li>\n\n  \n              \n    <li>\n              <div class='bde-icon-list__item-wrapper'>\n      \n      <span class='bde-icon-list__icon'>\n        <svg xmlns=\"http:\/\/www.w3.org\/2000\/svg\" id=\"icon-checkmark\" viewbox=\"0 0 32 32\">\n<path d=\"M27 4l-15 15-7-7-5 5 12 12 20-20z\"\/>\n<\/svg>\n      <\/span>\n      <span class='bde-icon-list__text' >\n      Adjusted curing curves to avoid solvents in the surface\n      <\/span>\n              <\/div>\n      \n    <\/li>\n\n  \n              \n    <li>\n              <div class='bde-icon-list__item-wrapper'>\n      \n      <span class='bde-icon-list__icon'>\n        <svg xmlns=\"http:\/\/www.w3.org\/2000\/svg\" id=\"icon-checkmark\" viewbox=\"0 0 32 32\">\n<path d=\"M27 4l-15 15-7-7-5 5 12 12 20-20z\"\/>\n<\/svg>\n      <\/span>\n      <span class='bde-icon-list__text' >\n      Bonding tests based on customer application and requirement\n      <\/span>\n              <\/div>\n      \n    <\/li>\n\n  <\/ul>\n\n<\/div>\n<\/div><div class=\"bde-column-2053-181 bde-column\">\n  \n\t\n\n\n\n<div class=\"bde-icon-list-2053-182 bde-icon-list\">\n<ul>\n  \n              \n    <li>\n              <div class='bde-icon-list__item-wrapper'>\n      \n      <span class='bde-icon-list__icon'>\n        <svg xmlns=\"http:\/\/www.w3.org\/2000\/svg\" id=\"icon-checkmark\" viewbox=\"0 0 32 32\">\n<path d=\"M27 4l-15 15-7-7-5 5 12 12 20-20z\"\/>\n<\/svg>\n      <\/span>\n      <span class='bde-icon-list__text' >\n      Coating thickness measurements and cross-cut tests to determine the coating quality\n      <\/span>\n              <\/div>\n      \n    <\/li>\n\n  \n              \n    <li>\n              <div class='bde-icon-list__item-wrapper'>\n      \n      <span class='bde-icon-list__icon'>\n        <svg xmlns=\"http:\/\/www.w3.org\/2000\/svg\" id=\"icon-checkmark\" viewbox=\"0 0 32 32\">\n<path d=\"M27 4l-15 15-7-7-5 5 12 12 20-20z\"\/>\n<\/svg>\n      <\/span>\n      <span class='bde-icon-list__text' >\n      Bonding also for high-performance adhesives of the 8-MPa class\n      <\/span>\n              <\/div>\n      \n    <\/li>\n\n  \n              \n    <li>\n              <div class='bde-icon-list__item-wrapper'>\n      \n      <span class='bde-icon-list__icon'>\n        <svg xmlns=\"http:\/\/www.w3.org\/2000\/svg\" id=\"icon-checkmark\" viewbox=\"0 0 32 32\">\n<path d=\"M27 4l-15 15-7-7-5 5 12 12 20-20z\"\/>\n<\/svg>\n      <\/span>\n      <span class='bde-icon-list__text' >\n      Support with the design of injection moulded parts\n      <\/span>\n              <\/div>\n      \n    <\/li>\n\n  <\/ul>\n\n<\/div>\n<\/div><\/div>\n<\/div><\/div>\n<\/section><section class=\"bde-section-2053-135 bde-section\">\n  \n\t\n\n\n\n<div class=\"section-container\"><div class=\"bde-columns-2053-136 bde-columns\"><div class=\"bde-column-2053-137 bde-column\">\n  \n\t\n\n\n\n<div class=\"bde-image-2053-138 bde-image\">\n  \n\n\n\n\n\n<figure class=\"breakdance-image breakdance-image--269\">\n\t<div class=\"breakdance-image-container\">\n\t\t<div class=\"breakdance-image-clip\">\n\t\t\t\n\t\t\t\t\n\t\t\t\t\t      \n  \n  \n  \n  \n      \n      <img loading=\"lazy\" decoding=\"async\"\n      class=\"breakdance-image-object\"\n      src=\"https:\/\/kleverplast.de\/wp-content\/uploads\/2022\/08\/csm_a58f880c76_9802bef529.jpg\"\n      width=\"600\"\n      height=\"383\"\n      \n      \n                                    srcset=\"https:\/\/kleverplast.de\/wp-content\/uploads\/2022\/08\/csm_a58f880c76_9802bef529.jpg 600w, https:\/\/kleverplast.de\/wp-content\/uploads\/2022\/08\/csm_a58f880c76_9802bef529-300x192.jpg 300w\"\n                                                                      >\n  \n\n\t\t\t\t\t\n\t\t\t\t\t\t<\/div>\n\t<\/div>\n\n\t<\/figure>\n\n<\/div>\n<\/div><div class=\"bde-column-2053-139 bde-column\">\n  \n\t\n\n\n\n<h3 class=\"bde-heading-2053-140 bde-heading\">\nWe are happy to help you personally. Please contact us anytime.\n<\/h3><div class=\"bde-text-2053-141 bde-text\">\n\n<\/div><div class=\"bde-button-2053-142 bde-button\">\n    \n                                    \n    \n    \n    \n    \n            \n                    \n            \n            \n\n    \n    \n    \n    \n    <a class=\"breakdance-link button-atom button-atom--primary bde-button__button\" href=\"https:\/\/kleverplast.de\/en\/kontakt\/\" target=\"_self\" data-type=\"url\"  >\n\n    \n        <span class=\"button-atom__text\">Request now<\/span>\n\n        \n        \n                <\/a>\n\n    \n\n\n<\/div>\n<\/div><\/div><\/div>\n<\/section>","protected":false},"excerpt":{"rendered":"<p>Vielschichtig | Vielseitig | Verbindlich Klever BeschichtungstechnikIhr Experte f\u00fcr Korrosionsschutz und Verklebeanwendungen Als Pionier der Oberfl\u00e4chentechnik steht Klever f\u00fcr innovative, nachhaltige L\u00f6sungen. Wir nutzen verschiedene Technologien und Applikationen, um die optimale Funktionalit\u00e4t, zuverl\u00e4ssige Langlebigkeit und h\u00f6chstm\u00f6gliche Qualit\u00e4t f\u00fcr jedes einzelne Ihrer Bauteile zu erm\u00f6glichen.Unser jahrzentestarkes Know-How reicht von Korrosionsschutz mittels Zinklamellen\u00fcberz\u00fcgen, \u00fcber das pr\u00e4zise Einstellen [&hellip;]<\/p>\n","protected":false},"author":7,"featured_media":0,"parent":0,"menu_order":0,"comment_status":"closed","ping_status":"closed","template":"","meta":{"_acf_changed":false,"_breakdance_hide_in_design_set":false,"_breakdance_tags":"","footnotes":""},"class_list":["post-2053","page","type-page","status-publish","hentry"],"acf":[],"_links":{"self":[{"href":"https:\/\/kleverplast.de\/en\/wp-json\/wp\/v2\/pages\/2053","targetHints":{"allow":["GET"]}}],"collection":[{"href":"https:\/\/kleverplast.de\/en\/wp-json\/wp\/v2\/pages"}],"about":[{"href":"https:\/\/kleverplast.de\/en\/wp-json\/wp\/v2\/types\/page"}],"author":[{"embeddable":true,"href":"https:\/\/kleverplast.de\/en\/wp-json\/wp\/v2\/users\/7"}],"replies":[{"embeddable":true,"href":"https:\/\/kleverplast.de\/en\/wp-json\/wp\/v2\/comments?post=2053"}],"version-history":[{"count":10,"href":"https:\/\/kleverplast.de\/en\/wp-json\/wp\/v2\/pages\/2053\/revisions"}],"predecessor-version":[{"id":2584,"href":"https:\/\/kleverplast.de\/en\/wp-json\/wp\/v2\/pages\/2053\/revisions\/2584"}],"wp:attachment":[{"href":"https:\/\/kleverplast.de\/en\/wp-json\/wp\/v2\/media?parent=2053"}],"curies":[{"name":"wp","href":"https:\/\/api.w.org\/{rel}","templated":true}]}}